{"id":264,"date":"2025-10-08T11:40:48","date_gmt":"2025-10-08T09:40:48","guid":{"rendered":"https:\/\/malvenhof.ch\/?page_id=264"},"modified":"2025-10-08T12:11:35","modified_gmt":"2025-10-08T10:11:35","slug":"home","status":"publish","type":"page","link":"https:\/\/malvenhof.ch\/","title":{"rendered":"Home"},"content":{"rendered":"\t\t<div data-elementor-type=\"wp-page\" data-elementor-id=\"264\" class=\"elementor elementor-264\" data-elementor-post-type=\"page\">\n\t\t\t\t<div class=\"elementor-element elementor-element-50678f0 e-flex e-con-boxed e-con e-parent\" data-id=\"50678f0\" data-element_type=\"container\">\n\t\t\t\t\t<div class=\"e-con-inner\">\n\t\t\t\t<div class=\"elementor-element elementor-element-f637f36 elementor-widget elementor-widget-text-editor\" data-id=\"f637f36\" data-element_type=\"widget\" data-widget_type=\"text-editor.default\">\n\t\t\t\t\t\t\t\t\t<p>Wenn wir nicht Draussen bei der Arbeit sind \u2013 bauen wir Drinnen unsere Webseite auf.<br \/>Da die Sonne so oft scheint, dauert es noch eine Zeit, bis wir damit fertig sind.<\/p><p>F\u00fcr Anfragen k\u00f6nnen sie uns ab sofort \u00fcber unsere Mailadresse: <a href=\"mailto:hallo@malvenhof.ch\">hallo@malvenhof.ch<\/a> erreichen.<\/p><p>Wir freuen uns \u00fcber Post.<\/p><p>Freundliche Gr\u00fcsse<br \/>Simone &amp; Samuel<br \/>Schmid<\/p><p><strong>Malvenhof<br \/><\/strong>Familie Schmid<br \/>Haldenstrasse 23<br \/>8615 Wermatswil<\/p>\t\t\t\t\t\t\t\t<\/div>\n\t\t\t\t\t<\/div>\n\t\t\t\t<\/div>\n\t\t\t\t<\/div>\n\t\t","protected":false},"excerpt":{"rendered":"<p>Wenn wir nicht Draussen bei der Arbeit sind \u2013 bauen wir Drinnen unsere Webseite auf.Da die Sonne so oft scheint, dauert es noch eine Zeit, bis wir damit fertig sind. F\u00fcr Anfragen k\u00f6nnen sie uns ab sofort \u00fcber unsere Mailadresse: hallo@malvenhof.ch erreichen. Wir freuen uns \u00fcber Post. Freundliche Gr\u00fcsseSimone &amp; SamuelSchmid MalvenhofFamilie SchmidHaldenstrasse 238615 Wermatswil<\/p>\n","protected":false},"author":1,"featured_media":0,"parent":0,"menu_order":0,"comment_status":"closed","ping_status":"closed","template":"","meta":{"footnotes":""},"class_list":["post-264","page","type-page","status-publish","hentry"],"_links":{"self":[{"href":"https:\/\/malvenhof.ch\/index.php?rest_route=\/wp\/v2\/pages\/264","targetHints":{"allow":["GET"]}}],"collection":[{"href":"https:\/\/malvenhof.ch\/index.php?rest_route=\/wp\/v2\/pages"}],"about":[{"href":"https:\/\/malvenhof.ch\/index.php?rest_route=\/wp\/v2\/types\/page"}],"author":[{"embeddable":true,"href":"https:\/\/malvenhof.ch\/index.php?rest_route=\/wp\/v2\/users\/1"}],"replies":[{"embeddable":true,"href":"https:\/\/malvenhof.ch\/index.php?rest_route=%2Fwp%2Fv2%2Fcomments&post=264"}],"version-history":[{"count":25,"href":"https:\/\/malvenhof.ch\/index.php?rest_route=\/wp\/v2\/pages\/264\/revisions"}],"predecessor-version":[{"id":298,"href":"https:\/\/malvenhof.ch\/index.php?rest_route=\/wp\/v2\/pages\/264\/revisions\/298"}],"wp:attachment":[{"href":"https:\/\/malvenhof.ch\/index.php?rest_route=%2Fwp%2Fv2%2Fmedia&parent=264"}],"curies":[{"name":"wp","href":"https:\/\/api.w.org\/{rel}","templated":true}]}}